{"id":3,"date":"2025-07-14T06:09:51","date_gmt":"2025-07-14T06:09:51","guid":{"rendered":"https:\/\/mylegalclinic.us\/?page_id=3"},"modified":"2025-10-30T03:38:02","modified_gmt":"2025-10-30T03:38:02","slug":"aviso-de-privacidad","status":"publish","type":"page","link":"https:\/\/www.mylegalclinic.us\/en\/aviso-de-privacidad\/","title":{"rendered":"Privacy Notice"},"content":{"rendered":"<div data-elementor-type=\"wp-page\" data-elementor-id=\"3\" class=\"elementor elementor-3\" data-elementor-post-type=\"page\">\n\t\t\t\t<div class=\"elementor-element elementor-element-2b867de9 e-flex e-con-boxed e-con e-parent\" data-id=\"2b867de9\" data-element_type=\"container\" data-settings=\"{&quot;background_background&quot;:&quot;classic&quot;}\">\n\t\t\t\t\t<div class=\"e-con-inner\">\n\t\t<div class=\"elementor-element elementor-element-7e81cbde e-con-full e-flex e-con e-child\" data-id=\"7e81cbde\" data-element_type=\"container\">\n\t\t<div class=\"elementor-element elementor-element-777d7016 e-con-full e-flex e-con e-child\" data-id=\"777d7016\" data-element_type=\"container\">\n\t\t\t\t<div class=\"elementor-element elementor-element-4145ba63 elementor-widget__width-initial elementor-absolute e-transform e-transform elementor-widget elementor-widget-spacer\" data-id=\"4145ba63\" data-element_type=\"widget\" data-settings=\"{&quot;_position&quot;:&quot;absolute&quot;,&quot;_transform_translateX_effect&quot;:{&quot;unit&quot;:&quot;px&quot;,&quot;size&quot;:-40,&quot;sizes&quot;:[]},&quot;_transform_translateY_effect&quot;:{&quot;unit&quot;:&quot;vh&quot;,&quot;size&quot;:0,&quot;sizes&quot;:[]},&quot;_transform_translateY_effect_laptop&quot;:{&quot;unit&quot;:&quot;vh&quot;,&quot;size&quot;:&quot;&quot;,&quot;sizes&quot;:[]},&quot;_transform_translateY_effect_tablet_extra&quot;:{&quot;unit&quot;:&quot;vh&quot;,&quot;size&quot;:&quot;&quot;,&quot;sizes&quot;:[]},&quot;_transform_translateY_effect_tablet&quot;:{&quot;unit&quot;:&quot;vh&quot;,&quot;size&quot;:&quot;&quot;,&quot;sizes&quot;:[]},&quot;_transform_translateY_effect_mobile_extra&quot;:{&quot;unit&quot;:&quot;vh&quot;,&quot;size&quot;:&quot;&quot;,&quot;sizes&quot;:[]},&quot;_transform_translateY_effect_mobile&quot;:{&quot;unit&quot;:&quot;vh&quot;,&quot;size&quot;:&quot;&quot;,&quot;sizes&quot;:[]},&quot;_transform_flipX_effect&quot;:&quot;transform&quot;,&quot;_transform_translateX_effect_widescreen&quot;:{&quot;unit&quot;:&quot;px&quot;,&quot;size&quot;:&quot;&quot;,&quot;sizes&quot;:[]},&quot;_transform_translateX_effect_laptop&quot;:{&quot;unit&quot;:&quot;px&quot;,&quot;size&quot;:&quot;&quot;,&quot;sizes&quot;:[]},&quot;_transform_translateX_effect_tablet_extra&quot;:{&quot;unit&quot;:&quot;px&quot;,&quot;size&quot;:&quot;&quot;,&quot;sizes&quot;:[]},&quot;_transform_translateX_effect_tablet&quot;:{&quot;unit&quot;:&quot;px&quot;,&quot;size&quot;:&quot;&quot;,&quot;sizes&quot;:[]},&quot;_transform_translateX_effect_mobile_extra&quot;:{&quot;unit&quot;:&quot;px&quot;,&quot;size&quot;:&quot;&quot;,&quot;sizes&quot;:[]},&quot;_transform_translateX_effect_mobile&quot;:{&quot;unit&quot;:&quot;px&quot;,&quot;size&quot;:&quot;&quot;,&quot;sizes&quot;:[]},&quot;_transform_translateY_effect_widescreen&quot;:{&quot;unit&quot;:&quot;px&quot;,&quot;size&quot;:&quot;&quot;,&quot;sizes&quot;:[]}}\" data-widget_type=\"spacer.default\">\n\t\t\t\t\t\t\t<div class=\"elementor-spacer\">\n\t\t\t<div class=\"elementor-spacer-inner\"><\/div>\n\t\t<\/div>\n\t\t\t\t\t\t<\/div>\n\t\t\t\t<div class=\"elementor-element elementor-element-4d09c81a elementor-widget__width-initial elementor-absolute e-transform e-transform elementor-widget elementor-widget-spacer\" data-id=\"4d09c81a\" data-element_type=\"widget\" data-settings=\"{&quot;_position&quot;:&quot;absolute&quot;,&quot;_transform_translateX_effect&quot;:{&quot;unit&quot;:&quot;px&quot;,&quot;size&quot;:-40,&quot;sizes&quot;:[]},&quot;_transform_translateX_effect_mobile&quot;:{&quot;unit&quot;:&quot;px&quot;,&quot;size&quot;:0,&quot;sizes&quot;:[]},&quot;_transform_translateY_effect&quot;:{&quot;unit&quot;:&quot;px&quot;,&quot;size&quot;:-52,&quot;sizes&quot;:[]},&quot;_transform_translateY_effect_laptop&quot;:{&quot;unit&quot;:&quot;vh&quot;,&quot;size&quot;:&quot;&quot;,&quot;sizes&quot;:[]},&quot;_transform_translateY_effect_tablet_extra&quot;:{&quot;unit&quot;:&quot;vh&quot;,&quot;size&quot;:&quot;&quot;,&quot;sizes&quot;:[]},&quot;_transform_translateY_effect_tablet&quot;:{&quot;unit&quot;:&quot;vh&quot;,&quot;size&quot;:&quot;&quot;,&quot;sizes&quot;:[]},&quot;_transform_translateY_effect_mobile_extra&quot;:{&quot;unit&quot;:&quot;vh&quot;,&quot;size&quot;:&quot;&quot;,&quot;sizes&quot;:[]},&quot;_transform_translateY_effect_mobile&quot;:{&quot;unit&quot;:&quot;vh&quot;,&quot;size&quot;:&quot;&quot;,&quot;sizes&quot;:[]},&quot;_transform_flipX_effect&quot;:&quot;transform&quot;,&quot;_transform_translateX_effect_widescreen&quot;:{&quot;unit&quot;:&quot;px&quot;,&quot;size&quot;:&quot;&quot;,&quot;sizes&quot;:[]},&quot;_transform_translateX_effect_laptop&quot;:{&quot;unit&quot;:&quot;px&quot;,&quot;size&quot;:&quot;&quot;,&quot;sizes&quot;:[]},&quot;_transform_translateX_effect_tablet_extra&quot;:{&quot;unit&quot;:&quot;px&quot;,&quot;size&quot;:&quot;&quot;,&quot;sizes&quot;:[]},&quot;_transform_translateX_effect_tablet&quot;:{&quot;unit&quot;:&quot;px&quot;,&quot;size&quot;:&quot;&quot;,&quot;sizes&quot;:[]},&quot;_transform_translateX_effect_mobile_extra&quot;:{&quot;unit&quot;:&quot;px&quot;,&quot;size&quot;:&quot;&quot;,&quot;sizes&quot;:[]},&quot;_transform_translateY_effect_widescreen&quot;:{&quot;unit&quot;:&quot;px&quot;,&quot;size&quot;:&quot;&quot;,&quot;sizes&quot;:[]}}\" data-widget_type=\"spacer.default\">\n\t\t\t\t\t\t\t<div class=\"elementor-spacer\">\n\t\t\t<div class=\"elementor-spacer-inner\"><\/div>\n\t\t<\/div>\n\t\t\t\t\t\t<\/div>\n\t\t\t\t<div class=\"elementor-element elementor-element-533fdd9d elementor-widget-tablet__width-inherit elementor-widget-mobile__width-inherit elementor-invisible elementor-widget elementor-widget-theme-post-title elementor-page-title elementor-widget-heading\" data-id=\"533fdd9d\" data-element_type=\"widget\" data-settings=\"{&quot;_animation&quot;:&quot;fadeInUp&quot;}\" data-widget_type=\"theme-post-title.default\">\n\t\t\t\t\t<h1 class=\"elementor-heading-title elementor-size-default\">Privacy Notice<\/h1>\t\t\t\t<\/div>\n\t\t\t\t<\/div>\n\t\t<div class=\"elementor-element elementor-element-26abac0 e-con-full e-flex e-con e-child\" data-id=\"26abac0\" data-element_type=\"container\">\n\t\t\t\t<div class=\"elementor-element elementor-element-4ac5d555 elementor-widget-tablet__width-inherit elementor-invisible elementor-widget elementor-widget-text-editor\" data-id=\"4ac5d555\" data-element_type=\"widget\" data-settings=\"{&quot;_animation&quot;:&quot;fadeInUp&quot;,&quot;_animation_delay&quot;:300}\" data-widget_type=\"text-editor.default\">\n\t\t\t\t\t\t\t\t\t<p>Your trust is our top priority. At My Legal Clinic, we provide clear, ethical, and professional guidance to help you make informed decisions.<\/p><p>\u00a0<\/p>\t\t\t\t\t\t\t\t<\/div>\n\t\t\t\t<\/div>\n\t\t\t\t<\/div>\n\t\t\t\t\t<\/div>\n\t\t\t\t<\/div>\n\t\t<div class=\"elementor-element elementor-element-19cf3ca4 e-flex e-con-boxed e-con e-parent\" data-id=\"19cf3ca4\" data-element_type=\"container\">\n\t\t\t\t\t<div class=\"e-con-inner\">\n\t\t<div class=\"elementor-element elementor-element-78ef2c0d e-con-full e-flex e-con e-child\" data-id=\"78ef2c0d\" data-element_type=\"container\">\n\t\t\t\t<div class=\"elementor-element elementor-element-1caa1b5 elementor-widget__width-inherit elementor-widget-tablet__width-inherit elementor-invisible elementor-widget elementor-widget-text-editor\" data-id=\"1caa1b5\" data-element_type=\"widget\" data-settings=\"{&quot;_animation&quot;:&quot;fadeInUp&quot;,&quot;_animation_delay&quot;:200}\" data-widget_type=\"text-editor.default\">\n\t\t\t\t\t\t\t\t\t<p>Last Updated: 08\/01\/2025<\/p><p>In <strong>My Legal Clinic,<\/strong> We respect your privacy and are committed to protecting the personal information you share with us. This policy explains how we collect, use, and safeguard your data.<\/p><p><strong>1. Information We Collect<\/strong><\/p><p>We collect information that you voluntarily provide to us, including:<\/p><p>Full Name<br \/>Phone Number<br \/>Email<br \/>Information related to the requested process (divorce, custody, support, etc.)<\/p><p><strong>2. Use of Information<\/strong><\/p><p>We use your information solely for the following purposes:<\/p><p>To contact you regarding your inquiry or case.<br \/>To prepare and deliver the requested documentation.<br \/>To improve our service and customer care.<\/p><p><strong>We never sell, rent, or share your personal information with third parties for commercial purposes.<\/strong><\/p><p><strong>3. Data Security<\/strong><\/p><p>We implement reasonable security measures to protect your information against loss, misuse, or unauthorized access. Our team is trained in the confidential handling of data.<\/p><p><strong>4. User Rights<\/strong><\/p><p>You have the right to:<\/p><p>Access the information we hold about you<br \/>Request correction or deletion of your data<br \/>Withdraw your consent for us to use your information<\/p><p>You can exercise these rights by contacting us at: <a href=\"mailto:info@mylegalclinic.us\"><strong>info@mylegalclinic.us<\/strong><\/a><\/p><p><strong>5. Cookies and Technical Data<\/strong><\/p><p>Our website may use cookies to enhance your browsing experience. We do not collect personal information through cookies, nor do we perform advanced behavioral tracking.<\/p><p><strong>6. Changes to This Policy<\/strong><\/p><p>We may update this policy occasionally. We will notify you of significant changes through our website.<\/p>\t\t\t\t\t\t\t\t<\/div>\n\t\t\t\t<\/div>\n\t\t\t\t\t<\/div>\n\t\t\t\t<\/div>\n\t\t\t\t<\/div>","protected":false},"excerpt":{"rendered":"<p>\u201cTu confianza es lo m\u00e1s importante. En My Legal Clinic te orientamos con claridad, \u00e9tica y profesionalismo para que tomes decisiones informadas.\u201d \u00a0 \u00daltima actualizaci\u00f3n: 01\/08\/2025 En My Legal Clinic, respetamos tu privacidad y nos comprometemos a proteger la informaci\u00f3n personal que compartes con nosotros. Esta pol\u00edtica explica c\u00f3mo recopilamos, usamos y protegemos tus datos. [&hellip;]<\/p>","protected":false},"author":2,"featured_media":0,"parent":0,"menu_order":0,"comment_status":"closed","ping_status":"closed","template":"elementor_header_footer","meta":{"footnotes":""},"class_list":["post-3","page","type-page","status-publish","hentry"],"yoast_head":"<!-- This site is optimized with the Yoast SEO plugin v26.5 - https:\/\/yoast.com\/wordpress\/plugins\/seo\/ -->\n<title>Aviso de privacidad - My Legal Clinic<\/title>\n<meta name=\"robots\" content=\"noindex, follow\" \/>\n<meta property=\"og:locale\" content=\"en_US\" \/>\n<meta property=\"og:type\" content=\"article\" \/>\n<meta property=\"og:title\" content=\"Aviso de privacidad - My Legal Clinic\" \/>\n<meta property=\"og:description\" content=\"\u201cTu confianza es lo m\u00e1s importante. En My Legal Clinic te orientamos con claridad, \u00e9tica y profesionalismo para que tomes decisiones informadas.\u201d \u00a0 \u00daltima actualizaci\u00f3n: 01\/08\/2025 En My Legal Clinic, respetamos tu privacidad y nos comprometemos a proteger la informaci\u00f3n personal que compartes con nosotros. Esta pol\u00edtica explica c\u00f3mo recopilamos, usamos y protegemos tus datos. [&hellip;]\" \/>\n<meta property=\"og:url\" content=\"https:\/\/www.mylegalclinic.us\/en\/aviso-de-privacidad\/\" \/>\n<meta property=\"og:site_name\" content=\"My Legal Clinic\" \/>\n<meta property=\"article:modified_time\" content=\"2025-10-30T03:38:02+00:00\" \/>\n<meta name=\"twitter:card\" content=\"summary_large_image\" \/>\n<meta name=\"twitter:label1\" content=\"Est. reading time\" \/>\n\t<meta name=\"twitter:data1\" content=\"2 minutes\" \/>\n<script type=\"application\/ld+json\" class=\"yoast-schema-graph\">{\"@context\":\"https:\/\/schema.org\",\"@graph\":[{\"@type\":\"WebPage\",\"@id\":\"https:\/\/www.mylegalclinic.us\/aviso-de-privacidad\/\",\"url\":\"https:\/\/www.mylegalclinic.us\/aviso-de-privacidad\/\",\"name\":\"Aviso de privacidad - My Legal Clinic\",\"isPartOf\":{\"@id\":\"https:\/\/www.mylegalclinic.us\/#website\"},\"datePublished\":\"2025-07-14T06:09:51+00:00\",\"dateModified\":\"2025-10-30T03:38:02+00:00\",\"breadcrumb\":{\"@id\":\"https:\/\/www.mylegalclinic.us\/aviso-de-privacidad\/#breadcrumb\"},\"inLanguage\":\"en-US\",\"potentialAction\":[{\"@type\":\"ReadAction\",\"target\":[\"https:\/\/www.mylegalclinic.us\/aviso-de-privacidad\/\"]}]},{\"@type\":\"BreadcrumbList\",\"@id\":\"https:\/\/www.mylegalclinic.us\/aviso-de-privacidad\/#breadcrumb\",\"itemListElement\":[{\"@type\":\"ListItem\",\"position\":1,\"name\":\"Inicio\",\"item\":\"https:\/\/www.mylegalclinic.us\/\"},{\"@type\":\"ListItem\",\"position\":2,\"name\":\"Aviso de privacidad\"}]},{\"@type\":\"WebSite\",\"@id\":\"https:\/\/www.mylegalclinic.us\/#website\",\"url\":\"https:\/\/www.mylegalclinic.us\/\",\"name\":\"My Legal Clinic\",\"description\":\"My Legal Clinic, somos una empresa paralegal confiable en California. Con enfoque accesible y humano proporcionamos orientaci\u00f3n clara, personalizada y profesional para quienes buscan resolver situaciones de forma r\u00e1pida\u00a0y\u00a0segura.\",\"potentialAction\":[{\"@type\":\"SearchAction\",\"target\":{\"@type\":\"EntryPoint\",\"urlTemplate\":\"https:\/\/www.mylegalclinic.us\/?s={search_term_string}\"},\"query-input\":{\"@type\":\"PropertyValueSpecification\",\"valueRequired\":true,\"valueName\":\"search_term_string\"}}],\"inLanguage\":\"en-US\"}]}<\/script>\n<!-- \/ Yoast SEO plugin. -->","yoast_head_json":{"title":"Aviso de privacidad - My Legal Clinic","robots":{"index":"noindex","follow":"follow"},"og_locale":"en_US","og_type":"article","og_title":"Aviso de privacidad - My Legal Clinic","og_description":"\u201cTu confianza es lo m\u00e1s importante. En My Legal Clinic te orientamos con claridad, \u00e9tica y profesionalismo para que tomes decisiones informadas.\u201d \u00a0 \u00daltima actualizaci\u00f3n: 01\/08\/2025 En My Legal Clinic, respetamos tu privacidad y nos comprometemos a proteger la informaci\u00f3n personal que compartes con nosotros. Esta pol\u00edtica explica c\u00f3mo recopilamos, usamos y protegemos tus datos. [&hellip;]","og_url":"https:\/\/www.mylegalclinic.us\/en\/aviso-de-privacidad\/","og_site_name":"My Legal Clinic","article_modified_time":"2025-10-30T03:38:02+00:00","twitter_card":"summary_large_image","twitter_misc":{"Est. reading time":"2 minutes"},"schema":{"@context":"https:\/\/schema.org","@graph":[{"@type":"WebPage","@id":"https:\/\/www.mylegalclinic.us\/aviso-de-privacidad\/","url":"https:\/\/www.mylegalclinic.us\/aviso-de-privacidad\/","name":"Aviso de privacidad - My Legal Clinic","isPartOf":{"@id":"https:\/\/www.mylegalclinic.us\/#website"},"datePublished":"2025-07-14T06:09:51+00:00","dateModified":"2025-10-30T03:38:02+00:00","breadcrumb":{"@id":"https:\/\/www.mylegalclinic.us\/aviso-de-privacidad\/#breadcrumb"},"inLanguage":"en-US","potentialAction":[{"@type":"ReadAction","target":["https:\/\/www.mylegalclinic.us\/aviso-de-privacidad\/"]}]},{"@type":"BreadcrumbList","@id":"https:\/\/www.mylegalclinic.us\/aviso-de-privacidad\/#breadcrumb","itemListElement":[{"@type":"ListItem","position":1,"name":"Inicio","item":"https:\/\/www.mylegalclinic.us\/"},{"@type":"ListItem","position":2,"name":"Aviso de privacidad"}]},{"@type":"WebSite","@id":"https:\/\/www.mylegalclinic.us\/#website","url":"https:\/\/www.mylegalclinic.us\/","name":"My Legal Clinic","description":"My Legal Clinic, somos una empresa paralegal confiable en California. Con enfoque accesible y humano proporcionamos orientaci\u00f3n clara, personalizada y profesional para quienes buscan resolver situaciones de forma r\u00e1pida\u00a0y\u00a0segura.","potentialAction":[{"@type":"SearchAction","target":{"@type":"EntryPoint","urlTemplate":"https:\/\/www.mylegalclinic.us\/?s={search_term_string}"},"query-input":{"@type":"PropertyValueSpecification","valueRequired":true,"valueName":"search_term_string"}}],"inLanguage":"en-US"}]}},"_links":{"self":[{"href":"https:\/\/www.mylegalclinic.us\/en\/wp-json\/wp\/v2\/pages\/3","targetHints":{"allow":["GET"]}}],"collection":[{"href":"https:\/\/www.mylegalclinic.us\/en\/wp-json\/wp\/v2\/pages"}],"about":[{"href":"https:\/\/www.mylegalclinic.us\/en\/wp-json\/wp\/v2\/types\/page"}],"author":[{"embeddable":true,"href":"https:\/\/www.mylegalclinic.us\/en\/wp-json\/wp\/v2\/users\/2"}],"replies":[{"embeddable":true,"href":"https:\/\/www.mylegalclinic.us\/en\/wp-json\/wp\/v2\/comments?post=3"}],"version-history":[{"count":25,"href":"https:\/\/www.mylegalclinic.us\/en\/wp-json\/wp\/v2\/pages\/3\/revisions"}],"predecessor-version":[{"id":714,"href":"https:\/\/www.mylegalclinic.us\/en\/wp-json\/wp\/v2\/pages\/3\/revisions\/714"}],"wp:attachment":[{"href":"https:\/\/www.mylegalclinic.us\/en\/wp-json\/wp\/v2\/media?parent=3"}],"curies":[{"name":"wp","href":"https:\/\/api.w.org\/{rel}","templated":true}]}}