{"id":434,"date":"2025-08-01T21:27:16","date_gmt":"2025-08-01T21:27:16","guid":{"rendered":"https:\/\/www.mylegalclinic.us\/?page_id=434"},"modified":"2025-08-29T23:14:00","modified_gmt":"2025-08-29T23:14:00","slug":"aviso-legal","status":"publish","type":"page","link":"https:\/\/www.mylegalclinic.us\/en\/aviso-legal\/","title":{"rendered":"Legal Notice"},"content":{"rendered":"<div data-elementor-type=\"wp-page\" data-elementor-id=\"434\" class=\"elementor elementor-434\" data-elementor-post-type=\"page\">\n\t\t\t\t<div class=\"elementor-element elementor-element-574fc84 e-flex e-con-boxed e-con e-parent\" data-id=\"574fc84\" data-element_type=\"container\" data-settings=\"{&quot;background_background&quot;:&quot;classic&quot;}\">\n\t\t\t\t\t<div class=\"e-con-inner\">\n\t\t<div class=\"elementor-element elementor-element-b778a64 e-con-full e-flex e-con e-child\" data-id=\"b778a64\" data-element_type=\"container\">\n\t\t<div class=\"elementor-element elementor-element-561c376 e-con-full e-flex e-con e-child\" data-id=\"561c376\" data-element_type=\"container\">\n\t\t\t\t<div class=\"elementor-element elementor-element-83fc22c elementor-widget__width-initial elementor-absolute e-transform e-transform elementor-widget elementor-widget-spacer\" data-id=\"83fc22c\" data-element_type=\"widget\" data-settings=\"{&quot;_position&quot;:&quot;absolute&quot;,&quot;_transform_translateX_effect&quot;:{&quot;unit&quot;:&quot;px&quot;,&quot;size&quot;:-40,&quot;sizes&quot;:[]},&quot;_transform_translateY_effect&quot;:{&quot;unit&quot;:&quot;vh&quot;,&quot;size&quot;:0,&quot;sizes&quot;:[]},&quot;_transform_translateY_effect_laptop&quot;:{&quot;unit&quot;:&quot;vh&quot;,&quot;size&quot;:&quot;&quot;,&quot;sizes&quot;:[]},&quot;_transform_translateY_effect_tablet_extra&quot;:{&quot;unit&quot;:&quot;vh&quot;,&quot;size&quot;:&quot;&quot;,&quot;sizes&quot;:[]},&quot;_transform_translateY_effect_tablet&quot;:{&quot;unit&quot;:&quot;vh&quot;,&quot;size&quot;:&quot;&quot;,&quot;sizes&quot;:[]},&quot;_transform_translateY_effect_mobile_extra&quot;:{&quot;unit&quot;:&quot;vh&quot;,&quot;size&quot;:&quot;&quot;,&quot;sizes&quot;:[]},&quot;_transform_translateY_effect_mobile&quot;:{&quot;unit&quot;:&quot;vh&quot;,&quot;size&quot;:&quot;&quot;,&quot;sizes&quot;:[]},&quot;_transform_flipX_effect&quot;:&quot;transform&quot;,&quot;_transform_translateX_effect_widescreen&quot;:{&quot;unit&quot;:&quot;px&quot;,&quot;size&quot;:&quot;&quot;,&quot;sizes&quot;:[]},&quot;_transform_translateX_effect_laptop&quot;:{&quot;unit&quot;:&quot;px&quot;,&quot;size&quot;:&quot;&quot;,&quot;sizes&quot;:[]},&quot;_transform_translateX_effect_tablet_extra&quot;:{&quot;unit&quot;:&quot;px&quot;,&quot;size&quot;:&quot;&quot;,&quot;sizes&quot;:[]},&quot;_transform_translateX_effect_tablet&quot;:{&quot;unit&quot;:&quot;px&quot;,&quot;size&quot;:&quot;&quot;,&quot;sizes&quot;:[]},&quot;_transform_translateX_effect_mobile_extra&quot;:{&quot;unit&quot;:&quot;px&quot;,&quot;size&quot;:&quot;&quot;,&quot;sizes&quot;:[]},&quot;_transform_translateX_effect_mobile&quot;:{&quot;unit&quot;:&quot;px&quot;,&quot;size&quot;:&quot;&quot;,&quot;sizes&quot;:[]},&quot;_transform_translateY_effect_widescreen&quot;:{&quot;unit&quot;:&quot;px&quot;,&quot;size&quot;:&quot;&quot;,&quot;sizes&quot;:[]}}\" data-widget_type=\"spacer.default\">\n\t\t\t\t\t\t\t<div class=\"elementor-spacer\">\n\t\t\t<div class=\"elementor-spacer-inner\"><\/div>\n\t\t<\/div>\n\t\t\t\t\t\t<\/div>\n\t\t\t\t<div class=\"elementor-element elementor-element-7da60f5 elementor-widget__width-initial elementor-absolute e-transform e-transform elementor-widget elementor-widget-spacer\" data-id=\"7da60f5\" data-element_type=\"widget\" data-settings=\"{&quot;_position&quot;:&quot;absolute&quot;,&quot;_transform_translateX_effect&quot;:{&quot;unit&quot;:&quot;px&quot;,&quot;size&quot;:-40,&quot;sizes&quot;:[]},&quot;_transform_translateX_effect_mobile&quot;:{&quot;unit&quot;:&quot;px&quot;,&quot;size&quot;:0,&quot;sizes&quot;:[]},&quot;_transform_translateY_effect&quot;:{&quot;unit&quot;:&quot;px&quot;,&quot;size&quot;:-52,&quot;sizes&quot;:[]},&quot;_transform_translateY_effect_laptop&quot;:{&quot;unit&quot;:&quot;vh&quot;,&quot;size&quot;:&quot;&quot;,&quot;sizes&quot;:[]},&quot;_transform_translateY_effect_tablet_extra&quot;:{&quot;unit&quot;:&quot;vh&quot;,&quot;size&quot;:&quot;&quot;,&quot;sizes&quot;:[]},&quot;_transform_translateY_effect_tablet&quot;:{&quot;unit&quot;:&quot;vh&quot;,&quot;size&quot;:&quot;&quot;,&quot;sizes&quot;:[]},&quot;_transform_translateY_effect_mobile_extra&quot;:{&quot;unit&quot;:&quot;vh&quot;,&quot;size&quot;:&quot;&quot;,&quot;sizes&quot;:[]},&quot;_transform_translateY_effect_mobile&quot;:{&quot;unit&quot;:&quot;vh&quot;,&quot;size&quot;:&quot;&quot;,&quot;sizes&quot;:[]},&quot;_transform_flipX_effect&quot;:&quot;transform&quot;,&quot;_transform_translateX_effect_widescreen&quot;:{&quot;unit&quot;:&quot;px&quot;,&quot;size&quot;:&quot;&quot;,&quot;sizes&quot;:[]},&quot;_transform_translateX_effect_laptop&quot;:{&quot;unit&quot;:&quot;px&quot;,&quot;size&quot;:&quot;&quot;,&quot;sizes&quot;:[]},&quot;_transform_translateX_effect_tablet_extra&quot;:{&quot;unit&quot;:&quot;px&quot;,&quot;size&quot;:&quot;&quot;,&quot;sizes&quot;:[]},&quot;_transform_translateX_effect_tablet&quot;:{&quot;unit&quot;:&quot;px&quot;,&quot;size&quot;:&quot;&quot;,&quot;sizes&quot;:[]},&quot;_transform_translateX_effect_mobile_extra&quot;:{&quot;unit&quot;:&quot;px&quot;,&quot;size&quot;:&quot;&quot;,&quot;sizes&quot;:[]},&quot;_transform_translateY_effect_widescreen&quot;:{&quot;unit&quot;:&quot;px&quot;,&quot;size&quot;:&quot;&quot;,&quot;sizes&quot;:[]}}\" data-widget_type=\"spacer.default\">\n\t\t\t\t\t\t\t<div class=\"elementor-spacer\">\n\t\t\t<div class=\"elementor-spacer-inner\"><\/div>\n\t\t<\/div>\n\t\t\t\t\t\t<\/div>\n\t\t\t\t<div class=\"elementor-element elementor-element-1300c9d elementor-widget-tablet__width-inherit elementor-widget-mobile__width-inherit elementor-invisible elementor-widget elementor-widget-theme-post-title elementor-page-title elementor-widget-heading\" data-id=\"1300c9d\" data-element_type=\"widget\" data-settings=\"{&quot;_animation&quot;:&quot;fadeInUp&quot;}\" data-widget_type=\"theme-post-title.default\">\n\t\t\t\t\t<h1 class=\"elementor-heading-title elementor-size-default\">Legal Notice<\/h1>\t\t\t\t<\/div>\n\t\t\t\t<\/div>\n\t\t<div class=\"elementor-element elementor-element-07ddf4d e-con-full e-flex e-con e-child\" data-id=\"07ddf4d\" data-element_type=\"container\">\n\t\t\t\t<div class=\"elementor-element elementor-element-36840e4 elementor-widget-tablet__width-inherit elementor-invisible elementor-widget elementor-widget-text-editor\" data-id=\"36840e4\" data-element_type=\"widget\" data-settings=\"{&quot;_animation&quot;:&quot;fadeInUp&quot;,&quot;_animation_delay&quot;:300}\" data-widget_type=\"text-editor.default\">\n\t\t\t\t\t\t\t\t\t<p>Your trust means everything. At My Legal Clinic, we guide you with clarity, ethics, and professionalism \u2014 so you can make informed decisions with confidence.<\/p>\t\t\t\t\t\t\t\t<\/div>\n\t\t\t\t<\/div>\n\t\t\t\t<\/div>\n\t\t\t\t\t<\/div>\n\t\t\t\t<\/div>\n\t\t<div class=\"elementor-element elementor-element-e29a2fc e-flex e-con-boxed e-con e-parent\" data-id=\"e29a2fc\" data-element_type=\"container\">\n\t\t\t\t\t<div class=\"e-con-inner\">\n\t\t<div class=\"elementor-element elementor-element-c1f77ce e-con-full e-flex e-con e-child\" data-id=\"c1f77ce\" data-element_type=\"container\">\n\t\t\t\t<div class=\"elementor-element elementor-element-02daf97 elementor-widget__width-inherit elementor-widget-tablet__width-inherit elementor-invisible elementor-widget elementor-widget-text-editor\" data-id=\"02daf97\" data-element_type=\"widget\" data-settings=\"{&quot;_animation&quot;:&quot;fadeInUp&quot;,&quot;_animation_delay&quot;:200}\" data-widget_type=\"text-editor.default\">\n\t\t\t\t\t\t\t\t\t<p><strong>Legal Notice<\/strong><br \/>Last Updated: 08\/01\/2025<br \/><strong>1. Nature of the Service<\/strong><br \/><strong>My Legal Clinic<\/strong> We are not a law firm and do not offer legal representation.\nWe provide assistance with the preparation of legal documents through certified paralegal professionals, based solely on client-provided information and instructions.<br \/>Our services are designed for individuals seeking support with administrative legal procedures, without requiring legal representation or courtroom intervention.<br \/><strong>2. No Legal Representation<\/strong><br \/>Nothing on this website, nor any interaction with our team, should be considered legal advice or a substitute for an attorney. If your case requires legal defense, litigation, or court representation, we strongly recommend consulting a licensed attorney.<br \/><strong>3. Use of the Site<\/strong><br \/>The content of this website is provided for informational purposes only. My Legal Clinic is not responsible for how the information presented here is used without proper professional review.<br \/><strong>4. Intellectual Property<\/strong><br \/>All content on this website, including text, images, and logos, is the property of My Legal Clinic and is protected under applicable intellectual property and copyright laws. Unauthorized use, reproduction, or distribution of any material is strictly prohibited without prior written consent. <strong>My Legal Clinic<\/strong> and is protected by copyright. Reproduction without express authorization is prohibited.<br \/><strong>5. Jurisdiction<\/strong><br \/>This website is governed by the laws of the State of California, United States. Any related dispute shall be subject to the jurisdiction of the appropriate courts within that state.<\/p>\t\t\t\t\t\t\t\t<\/div>\n\t\t\t\t<\/div>\n\t\t\t\t\t<\/div>\n\t\t\t\t<\/div>\n\t\t\t\t<\/div>","protected":false},"excerpt":{"rendered":"<p>\u201cTu confianza es lo m\u00e1s importante. En My Legal Clinic te orientamos con claridad, \u00e9tica y profesionalismo para que tomes decisiones informadas.&#8221; Aviso Legal\u00daltima actualizaci\u00f3n: 01\/08\/20251. Naturaleza del ServicioMy Legal Clinic no es un despacho de abogados ni ofrece representaci\u00f3n legal. Brindamos asistencia en la preparaci\u00f3n de documentos legales mediante profesionales paralegales certificados.Nuestros servicios est\u00e1n [&hellip;]<\/p>","protected":false},"author":2,"featured_media":0,"parent":0,"menu_order":0,"comment_status":"closed","ping_status":"closed","template":"elementor_header_footer","meta":{"footnotes":""},"class_list":["post-434","page","type-page","status-publish","hentry"],"yoast_head":"<!-- This site is optimized with the Yoast SEO plugin v26.5 - https:\/\/yoast.com\/wordpress\/plugins\/seo\/ -->\n<title>Aviso Legal - My Legal Clinic<\/title>\n<meta name=\"robots\" content=\"noindex, follow\" \/>\n<meta property=\"og:locale\" content=\"en_US\" \/>\n<meta property=\"og:type\" content=\"article\" \/>\n<meta property=\"og:title\" content=\"Aviso Legal - My Legal Clinic\" \/>\n<meta property=\"og:description\" content=\"\u201cTu confianza es lo m\u00e1s importante. En My Legal Clinic te orientamos con claridad, \u00e9tica y profesionalismo para que tomes decisiones informadas.&#8221; Aviso Legal\u00daltima actualizaci\u00f3n: 01\/08\/20251. Naturaleza del ServicioMy Legal Clinic no es un despacho de abogados ni ofrece representaci\u00f3n legal. Brindamos asistencia en la preparaci\u00f3n de documentos legales mediante profesionales paralegales certificados.Nuestros servicios est\u00e1n [&hellip;]\" \/>\n<meta property=\"og:url\" content=\"https:\/\/www.mylegalclinic.us\/en\/aviso-legal\/\" \/>\n<meta property=\"og:site_name\" content=\"My Legal Clinic\" \/>\n<meta property=\"article:modified_time\" content=\"2025-08-29T23:14:00+00:00\" \/>\n<meta name=\"twitter:card\" content=\"summary_large_image\" \/>\n<meta name=\"twitter:label1\" content=\"Est. reading time\" \/>\n\t<meta name=\"twitter:data1\" content=\"1 minute\" \/>\n<script type=\"application\/ld+json\" class=\"yoast-schema-graph\">{\"@context\":\"https:\/\/schema.org\",\"@graph\":[{\"@type\":\"WebPage\",\"@id\":\"https:\/\/www.mylegalclinic.us\/aviso-legal\/\",\"url\":\"https:\/\/www.mylegalclinic.us\/aviso-legal\/\",\"name\":\"Aviso Legal - My Legal Clinic\",\"isPartOf\":{\"@id\":\"https:\/\/www.mylegalclinic.us\/#website\"},\"datePublished\":\"2025-08-01T21:27:16+00:00\",\"dateModified\":\"2025-08-29T23:14:00+00:00\",\"breadcrumb\":{\"@id\":\"https:\/\/www.mylegalclinic.us\/aviso-legal\/#breadcrumb\"},\"inLanguage\":\"en-US\",\"potentialAction\":[{\"@type\":\"ReadAction\",\"target\":[\"https:\/\/www.mylegalclinic.us\/aviso-legal\/\"]}]},{\"@type\":\"BreadcrumbList\",\"@id\":\"https:\/\/www.mylegalclinic.us\/aviso-legal\/#breadcrumb\",\"itemListElement\":[{\"@type\":\"ListItem\",\"position\":1,\"name\":\"Inicio\",\"item\":\"https:\/\/www.mylegalclinic.us\/\"},{\"@type\":\"ListItem\",\"position\":2,\"name\":\"Aviso Legal\"}]},{\"@type\":\"WebSite\",\"@id\":\"https:\/\/www.mylegalclinic.us\/#website\",\"url\":\"https:\/\/www.mylegalclinic.us\/\",\"name\":\"My Legal Clinic\",\"description\":\"My Legal Clinic, somos una empresa paralegal confiable en California. Con enfoque accesible y humano proporcionamos orientaci\u00f3n clara, personalizada y profesional para quienes buscan resolver situaciones de forma r\u00e1pida\u00a0y\u00a0segura.\",\"potentialAction\":[{\"@type\":\"SearchAction\",\"target\":{\"@type\":\"EntryPoint\",\"urlTemplate\":\"https:\/\/www.mylegalclinic.us\/?s={search_term_string}\"},\"query-input\":{\"@type\":\"PropertyValueSpecification\",\"valueRequired\":true,\"valueName\":\"search_term_string\"}}],\"inLanguage\":\"en-US\"}]}<\/script>\n<!-- \/ Yoast SEO plugin. -->","yoast_head_json":{"title":"Aviso Legal - My Legal Clinic","robots":{"index":"noindex","follow":"follow"},"og_locale":"en_US","og_type":"article","og_title":"Aviso Legal - My Legal Clinic","og_description":"\u201cTu confianza es lo m\u00e1s importante. En My Legal Clinic te orientamos con claridad, \u00e9tica y profesionalismo para que tomes decisiones informadas.&#8221; Aviso Legal\u00daltima actualizaci\u00f3n: 01\/08\/20251. Naturaleza del ServicioMy Legal Clinic no es un despacho de abogados ni ofrece representaci\u00f3n legal. Brindamos asistencia en la preparaci\u00f3n de documentos legales mediante profesionales paralegales certificados.Nuestros servicios est\u00e1n [&hellip;]","og_url":"https:\/\/www.mylegalclinic.us\/en\/aviso-legal\/","og_site_name":"My Legal Clinic","article_modified_time":"2025-08-29T23:14:00+00:00","twitter_card":"summary_large_image","twitter_misc":{"Est. reading time":"1 minute"},"schema":{"@context":"https:\/\/schema.org","@graph":[{"@type":"WebPage","@id":"https:\/\/www.mylegalclinic.us\/aviso-legal\/","url":"https:\/\/www.mylegalclinic.us\/aviso-legal\/","name":"Aviso Legal - My Legal Clinic","isPartOf":{"@id":"https:\/\/www.mylegalclinic.us\/#website"},"datePublished":"2025-08-01T21:27:16+00:00","dateModified":"2025-08-29T23:14:00+00:00","breadcrumb":{"@id":"https:\/\/www.mylegalclinic.us\/aviso-legal\/#breadcrumb"},"inLanguage":"en-US","potentialAction":[{"@type":"ReadAction","target":["https:\/\/www.mylegalclinic.us\/aviso-legal\/"]}]},{"@type":"BreadcrumbList","@id":"https:\/\/www.mylegalclinic.us\/aviso-legal\/#breadcrumb","itemListElement":[{"@type":"ListItem","position":1,"name":"Inicio","item":"https:\/\/www.mylegalclinic.us\/"},{"@type":"ListItem","position":2,"name":"Aviso Legal"}]},{"@type":"WebSite","@id":"https:\/\/www.mylegalclinic.us\/#website","url":"https:\/\/www.mylegalclinic.us\/","name":"My Legal Clinic","description":"My Legal Clinic, somos una empresa paralegal confiable en California. Con enfoque accesible y humano proporcionamos orientaci\u00f3n clara, personalizada y profesional para quienes buscan resolver situaciones de forma r\u00e1pida\u00a0y\u00a0segura.","potentialAction":[{"@type":"SearchAction","target":{"@type":"EntryPoint","urlTemplate":"https:\/\/www.mylegalclinic.us\/?s={search_term_string}"},"query-input":{"@type":"PropertyValueSpecification","valueRequired":true,"valueName":"search_term_string"}}],"inLanguage":"en-US"}]}},"_links":{"self":[{"href":"https:\/\/www.mylegalclinic.us\/en\/wp-json\/wp\/v2\/pages\/434","targetHints":{"allow":["GET"]}}],"collection":[{"href":"https:\/\/www.mylegalclinic.us\/en\/wp-json\/wp\/v2\/pages"}],"about":[{"href":"https:\/\/www.mylegalclinic.us\/en\/wp-json\/wp\/v2\/types\/page"}],"author":[{"embeddable":true,"href":"https:\/\/www.mylegalclinic.us\/en\/wp-json\/wp\/v2\/users\/2"}],"replies":[{"embeddable":true,"href":"https:\/\/www.mylegalclinic.us\/en\/wp-json\/wp\/v2\/comments?post=434"}],"version-history":[{"count":16,"href":"https:\/\/www.mylegalclinic.us\/en\/wp-json\/wp\/v2\/pages\/434\/revisions"}],"predecessor-version":[{"id":478,"href":"https:\/\/www.mylegalclinic.us\/en\/wp-json\/wp\/v2\/pages\/434\/revisions\/478"}],"wp:attachment":[{"href":"https:\/\/www.mylegalclinic.us\/en\/wp-json\/wp\/v2\/media?parent=434"}],"curies":[{"name":"wp","href":"https:\/\/api.w.org\/{rel}","templated":true}]}}